{"id":2223,"date":"2020-11-25T11:04:13","date_gmt":"2020-11-25T10:04:13","guid":{"rendered":"https:\/\/wpocean.com\/wp\/varaus\/shop\/"},"modified":"2024-01-15T14:14:57","modified_gmt":"2024-01-15T13:14:57","slug":"reservas-hostel-isla-del-fraile","status":"publish","type":"page","link":"https:\/\/hostelaguilas.com\/en\/hostel-reservations\/","title":{"rendered":"Reservations Hostel Isla del Fraile"},"content":{"rendered":"<div data-elementor-type=\"wp-page\" data-elementor-id=\"2223\" class=\"elementor elementor-2223\">\n\t\t\t\t<div class=\"elementor-element elementor-element-f0f160f e-flex e-con-boxed e-con e-parent\" data-id=\"f0f160f\" data-element_type=\"container\" data-e-type=\"container\">\n\t\t\t\t\t<div class=\"e-con-inner\">\n\t\t\t\t<div class=\"elementor-element elementor-element-fc7b899 elementor-widget elementor-widget-heading\" data-id=\"fc7b899\" data-element_type=\"widget\" data-e-type=\"widget\" data-widget_type=\"heading.default\">\n\t\t\t\t<div class=\"elementor-widget-container\">\n\t\t\t\t\t<h2 class=\"elementor-heading-title elementor-size-default\">reservar hostel \u00e1guilas - isla del fraile<\/h2>\t\t\t\t<\/div>\n\t\t\t\t<\/div>\n\t\t\t\t\t<\/div>\n\t\t\t\t<\/div>\n\t\t<div class=\"elementor-element elementor-element-81910b7 e-flex e-con-boxed e-con e-parent\" data-id=\"81910b7\" data-element_type=\"container\" data-e-type=\"container\">\n\t\t\t\t\t<div class=\"e-con-inner\">\n\t\t\t\t<div class=\"elementor-element elementor-element-f743b6d elementor-widget elementor-widget-html\" data-id=\"f743b6d\" data-element_type=\"widget\" data-e-type=\"widget\" data-widget_type=\"html.default\">\n\t\t\t\t<div class=\"elementor-widget-container\">\n\t\t\t\t\t<div class=\"ibe\" data-region=\"emea\" data-channelcode=\"taburetegroupdirect\" data-widget=\"embed\"><\/div>\t\t\t\t<\/div>\n\t\t\t\t<\/div>\n\t\t\t\t\t<\/div>\n\t\t\t\t<\/div>\n\t\t\t\t<\/div>","protected":false},"excerpt":{"rendered":"reservar hostel \u00e1guilas &#8211; isla del fraile","protected":false},"author":1,"featured_media":5897,"parent":0,"menu_order":0,"comment_status":"closed","ping_status":"closed","template":"","meta":{"footnotes":""},"class_list":["post-2223","page","type-page","status-publish","has-post-thumbnail","hentry"],"yoast_head":"<!-- This site is optimized with the Yoast SEO Premium plugin v18.1 (Yoast SEO v26.2) - https:\/\/yoast.com\/wordpress\/plugins\/seo\/ -->\n<title>\u00a1Reserva ya tu habitaci\u00f3n o cama! \ud83c\udfe8 - Hostel Isla del Fraile<\/title>\n<meta name=\"description\" content=\"\u00a1Asegura tu lugar junto al mar en el Hostel Isla del Fraile, \u00c1guilas, Murcia! Reserva tu estancia f\u00e1cilmente a trav\u00e9s de nuestra p\u00e1gina de reservas. Descubre la comodidad y autenticidad de la Costa C\u00e1lida con unos pocos clics. \u00a1Prep\u00e1rate para una escapada inolvidable, reserva ahora y asegura tu rinc\u00f3n costero en el Hostel Isla del Fraile!\" \/>\n<meta name=\"robots\" content=\"index, follow, max-snippet:-1, max-image-preview:large, max-video-preview:-1\" \/>\n<link rel=\"canonical\" href=\"https:\/\/hostelaguilas.com\/en\/hostel-reservations\/\" \/>\n<meta property=\"og:locale\" content=\"en_US\" \/>\n<meta property=\"og:type\" content=\"article\" \/>\n<meta property=\"og:title\" content=\"Reservas Hostel Isla del Fraile\" \/>\n<meta property=\"og:description\" content=\"\u00a1Asegura tu lugar junto al mar en el Hostel Isla del Fraile, \u00c1guilas, Murcia! Reserva tu estancia f\u00e1cilmente a trav\u00e9s de nuestra p\u00e1gina de reservas. Descubre la comodidad y autenticidad de la Costa C\u00e1lida con unos pocos clics. \u00a1Prep\u00e1rate para una escapada inolvidable, reserva ahora y asegura tu rinc\u00f3n costero en el Hostel Isla del Fraile!\" \/>\n<meta property=\"og:url\" content=\"https:\/\/hostelaguilas.com\/en\/hostel-reservations\/\" \/>\n<meta property=\"og:site_name\" content=\"HOSTEL \u00c1guilas - ISLA DEL FRAILE - Resort - Alojamiento Grupos\" \/>\n<meta property=\"article:modified_time\" content=\"2024-01-15T13:14:57+00:00\" \/>\n<meta property=\"og:image\" content=\"https:\/\/hostelaguilas.com\/wp-content\/uploads\/2023\/12\/jovenes-amigos-albergue-scaled-e1705079115344.jpg\" \/>\n\t<meta property=\"og:image:width\" content=\"2560\" \/>\n\t<meta property=\"og:image:height\" content=\"1331\" \/>\n\t<meta property=\"og:image:type\" content=\"image\/jpeg\" \/>\n<meta name=\"twitter:card\" content=\"summary_large_image\" \/>\n<meta name=\"twitter:label1\" content=\"Est. reading time\" \/>\n\t<meta name=\"twitter:data1\" content=\"1 minute\" \/>\n<script type=\"application\/ld+json\" class=\"yoast-schema-graph\">{\"@context\":\"https:\/\/schema.org\",\"@graph\":[{\"@type\":\"WebPage\",\"@id\":\"https:\/\/hostelaguilas.com\/reservas-hostel-isla-del-fraile\/\",\"url\":\"https:\/\/hostelaguilas.com\/reservas-hostel-isla-del-fraile\/\",\"name\":\"\u00a1Reserva ya tu habitaci\u00f3n o cama! \ud83c\udfe8 - Hostel Isla del Fraile\",\"isPartOf\":{\"@id\":\"https:\/\/hostelaguilas.com\/fr\/#website\"},\"primaryImageOfPage\":{\"@id\":\"https:\/\/hostelaguilas.com\/reservas-hostel-isla-del-fraile\/#primaryimage\"},\"image\":{\"@id\":\"https:\/\/hostelaguilas.com\/reservas-hostel-isla-del-fraile\/#primaryimage\"},\"thumbnailUrl\":\"https:\/\/hostelaguilas.com\/wp-content\/uploads\/2023\/12\/jovenes-amigos-albergue-scaled-e1705079115344.jpg\",\"datePublished\":\"2020-11-25T10:04:13+00:00\",\"dateModified\":\"2024-01-15T13:14:57+00:00\",\"description\":\"\u00a1Asegura tu lugar junto al mar en el Hostel Isla del Fraile, \u00c1guilas, Murcia! Reserva tu estancia f\u00e1cilmente a trav\u00e9s de nuestra p\u00e1gina de reservas. Descubre la comodidad y autenticidad de la Costa C\u00e1lida con unos pocos clics. \u00a1Prep\u00e1rate para una escapada inolvidable, reserva ahora y asegura tu rinc\u00f3n costero en el Hostel Isla del Fraile!\",\"breadcrumb\":{\"@id\":\"https:\/\/hostelaguilas.com\/reservas-hostel-isla-del-fraile\/#breadcrumb\"},\"inLanguage\":\"en-US\",\"potentialAction\":[{\"@type\":\"ReadAction\",\"target\":[\"https:\/\/hostelaguilas.com\/reservas-hostel-isla-del-fraile\/\"]}]},{\"@type\":\"ImageObject\",\"inLanguage\":\"en-US\",\"@id\":\"https:\/\/hostelaguilas.com\/reservas-hostel-isla-del-fraile\/#primaryimage\",\"url\":\"https:\/\/hostelaguilas.com\/wp-content\/uploads\/2023\/12\/jovenes-amigos-albergue-scaled-e1705079115344.jpg\",\"contentUrl\":\"https:\/\/hostelaguilas.com\/wp-content\/uploads\/2023\/12\/jovenes-amigos-albergue-scaled-e1705079115344.jpg\",\"width\":2560,\"height\":1331},{\"@type\":\"BreadcrumbList\",\"@id\":\"https:\/\/hostelaguilas.com\/reservas-hostel-isla-del-fraile\/#breadcrumb\",\"itemListElement\":[{\"@type\":\"ListItem\",\"position\":1,\"name\":\"Portada\",\"item\":\"https:\/\/hostelaguilas.com\/\"},{\"@type\":\"ListItem\",\"position\":2,\"name\":\"Reservas Hostel Isla del Fraile\"}]},{\"@type\":\"WebSite\",\"@id\":\"https:\/\/hostelaguilas.com\/fr\/#website\",\"url\":\"https:\/\/hostelaguilas.com\/fr\/\",\"name\":\"HOSTEL \u00c1guilas - ISLA DEL FRAILE - Resort - Alojamiento Grupos\",\"description\":\"Hostel \u00c1GUILAS - Habitaciones en Alquiler con un Servicio de un Hotel de 5 Estrellas\",\"publisher\":{\"@id\":\"https:\/\/hostelaguilas.com\/fr\/#organization\"},\"potentialAction\":[{\"@type\":\"SearchAction\",\"target\":{\"@type\":\"EntryPoint\",\"urlTemplate\":\"https:\/\/hostelaguilas.com\/fr\/?s={search_term_string}\"},\"query-input\":{\"@type\":\"PropertyValueSpecification\",\"valueRequired\":true,\"valueName\":\"search_term_string\"}}],\"inLanguage\":\"en-US\"},{\"@type\":\"Organization\",\"@id\":\"https:\/\/hostelaguilas.com\/fr\/#organization\",\"name\":\"HOSTEL \u00c1guilas - ISLA DEL FRAILE - Resort - Alojamiento Grupos\",\"url\":\"https:\/\/hostelaguilas.com\/fr\/\",\"logo\":{\"@type\":\"ImageObject\",\"inLanguage\":\"en-US\",\"@id\":\"https:\/\/hostelaguilas.com\/fr\/#\/schema\/logo\/image\/\",\"url\":\"https:\/\/hostelaguilas.com\/wp-content\/uploads\/2022\/11\/hostel-alargado-cabecera-web-.webp\",\"contentUrl\":\"https:\/\/hostelaguilas.com\/wp-content\/uploads\/2022\/11\/hostel-alargado-cabecera-web-.webp\",\"width\":350,\"height\":77,\"caption\":\"HOSTEL \u00c1guilas - ISLA DEL FRAILE - Resort - Alojamiento Grupos\"},\"image\":{\"@id\":\"https:\/\/hostelaguilas.com\/fr\/#\/schema\/logo\/image\/\"}}]}<\/script>\n<!-- \/ Yoast SEO Premium plugin. -->","yoast_head_json":{"title":"\u00a1Reserva ya tu habitaci\u00f3n o cama! \ud83c\udfe8 - Hostel Isla del Fraile","description":"Secure your place by the sea at Hostel Isla del Fraile, Aguilas, Murcia! Book your stay easily through our booking page. Discover the comfort and authenticity of the Costa Calida with a few clicks, get ready for an unforgettable getaway, book now and secure your seaside spot at Hostel Isla del Fraile!","robots":{"index":"index","follow":"follow","max-snippet":"max-snippet:-1","max-image-preview":"max-image-preview:large","max-video-preview":"max-video-preview:-1"},"canonical":"https:\/\/hostelaguilas.com\/en\/hostel-reservations\/","og_locale":"en_US","og_type":"article","og_title":"Reservas Hostel Isla del Fraile","og_description":"\u00a1Asegura tu lugar junto al mar en el Hostel Isla del Fraile, \u00c1guilas, Murcia! Reserva tu estancia f\u00e1cilmente a trav\u00e9s de nuestra p\u00e1gina de reservas. Descubre la comodidad y autenticidad de la Costa C\u00e1lida con unos pocos clics. \u00a1Prep\u00e1rate para una escapada inolvidable, reserva ahora y asegura tu rinc\u00f3n costero en el Hostel Isla del Fraile!","og_url":"https:\/\/hostelaguilas.com\/en\/hostel-reservations\/","og_site_name":"HOSTEL \u00c1guilas - ISLA DEL FRAILE - Resort - Alojamiento Grupos","article_modified_time":"2024-01-15T13:14:57+00:00","og_image":[{"width":2560,"height":1331,"url":"https:\/\/hostelaguilas.com\/wp-content\/uploads\/2023\/12\/jovenes-amigos-albergue-scaled-e1705079115344.jpg","type":"image\/jpeg"}],"twitter_card":"summary_large_image","twitter_misc":{"Est. reading time":"1 minute"},"schema":{"@context":"https:\/\/schema.org","@graph":[{"@type":"WebPage","@id":"https:\/\/hostelaguilas.com\/reservas-hostel-isla-del-fraile\/","url":"https:\/\/hostelaguilas.com\/reservas-hostel-isla-del-fraile\/","name":"\u00a1Reserva ya tu habitaci\u00f3n o cama! \ud83c\udfe8 - Hostel Isla del Fraile","isPartOf":{"@id":"https:\/\/hostelaguilas.com\/fr\/#website"},"primaryImageOfPage":{"@id":"https:\/\/hostelaguilas.com\/reservas-hostel-isla-del-fraile\/#primaryimage"},"image":{"@id":"https:\/\/hostelaguilas.com\/reservas-hostel-isla-del-fraile\/#primaryimage"},"thumbnailUrl":"https:\/\/hostelaguilas.com\/wp-content\/uploads\/2023\/12\/jovenes-amigos-albergue-scaled-e1705079115344.jpg","datePublished":"2020-11-25T10:04:13+00:00","dateModified":"2024-01-15T13:14:57+00:00","description":"Secure your place by the sea at Hostel Isla del Fraile, Aguilas, Murcia! Book your stay easily through our booking page. Discover the comfort and authenticity of the Costa Calida with a few clicks, get ready for an unforgettable getaway, book now and secure your seaside spot at Hostel Isla del Fraile!","breadcrumb":{"@id":"https:\/\/hostelaguilas.com\/reservas-hostel-isla-del-fraile\/#breadcrumb"},"inLanguage":"en-US","potentialAction":[{"@type":"ReadAction","target":["https:\/\/hostelaguilas.com\/reservas-hostel-isla-del-fraile\/"]}]},{"@type":"ImageObject","inLanguage":"en-US","@id":"https:\/\/hostelaguilas.com\/reservas-hostel-isla-del-fraile\/#primaryimage","url":"https:\/\/hostelaguilas.com\/wp-content\/uploads\/2023\/12\/jovenes-amigos-albergue-scaled-e1705079115344.jpg","contentUrl":"https:\/\/hostelaguilas.com\/wp-content\/uploads\/2023\/12\/jovenes-amigos-albergue-scaled-e1705079115344.jpg","width":2560,"height":1331},{"@type":"BreadcrumbList","@id":"https:\/\/hostelaguilas.com\/reservas-hostel-isla-del-fraile\/#breadcrumb","itemListElement":[{"@type":"ListItem","position":1,"name":"Portada","item":"https:\/\/hostelaguilas.com\/"},{"@type":"ListItem","position":2,"name":"Reservas Hostel Isla del Fraile"}]},{"@type":"WebSite","@id":"https:\/\/hostelaguilas.com\/fr\/#website","url":"https:\/\/hostelaguilas.com\/fr\/","name":"HOSTEL \u00c1guilas - ISLA DEL FRAILE - Resort - Group Accommodations","description":"Hostel \u00c1GUILAS - Rooms for Rent with a 5 Star Hotel Service","publisher":{"@id":"https:\/\/hostelaguilas.com\/fr\/#organization"},"potentialAction":[{"@type":"SearchAction","target":{"@type":"EntryPoint","urlTemplate":"https:\/\/hostelaguilas.com\/fr\/?s={search_term_string}"},"query-input":{"@type":"PropertyValueSpecification","valueRequired":true,"valueName":"search_term_string"}}],"inLanguage":"en-US"},{"@type":"Organization","@id":"https:\/\/hostelaguilas.com\/fr\/#organization","name":"HOSTEL \u00c1guilas - ISLA DEL FRAILE - Resort - Group Accommodations","url":"https:\/\/hostelaguilas.com\/fr\/","logo":{"@type":"ImageObject","inLanguage":"en-US","@id":"https:\/\/hostelaguilas.com\/fr\/#\/schema\/logo\/image\/","url":"https:\/\/hostelaguilas.com\/wp-content\/uploads\/2022\/11\/hostel-alargado-cabecera-web-.webp","contentUrl":"https:\/\/hostelaguilas.com\/wp-content\/uploads\/2022\/11\/hostel-alargado-cabecera-web-.webp","width":350,"height":77,"caption":"HOSTEL \u00c1guilas - ISLA DEL FRAILE - Resort - Alojamiento Grupos"},"image":{"@id":"https:\/\/hostelaguilas.com\/fr\/#\/schema\/logo\/image\/"}}]}},"_links":{"self":[{"href":"https:\/\/hostelaguilas.com\/en\/wp-json\/wp\/v2\/pages\/2223","targetHints":{"allow":["GET"]}}],"collection":[{"href":"https:\/\/hostelaguilas.com\/en\/wp-json\/wp\/v2\/pages"}],"about":[{"href":"https:\/\/hostelaguilas.com\/en\/wp-json\/wp\/v2\/types\/page"}],"author":[{"embeddable":true,"href":"https:\/\/hostelaguilas.com\/en\/wp-json\/wp\/v2\/users\/1"}],"replies":[{"embeddable":true,"href":"https:\/\/hostelaguilas.com\/en\/wp-json\/wp\/v2\/comments?post=2223"}],"version-history":[{"count":0,"href":"https:\/\/hostelaguilas.com\/en\/wp-json\/wp\/v2\/pages\/2223\/revisions"}],"wp:featuredmedia":[{"embeddable":true,"href":"https:\/\/hostelaguilas.com\/en\/wp-json\/wp\/v2\/media\/5897"}],"wp:attachment":[{"href":"https:\/\/hostelaguilas.com\/en\/wp-json\/wp\/v2\/media?parent=2223"}],"curies":[{"name":"wp","href":"https:\/\/api.w.org\/{rel}","templated":true}]}}