{"id":32,"date":"2022-11-08T01:03:49","date_gmt":"2022-11-08T00:03:49","guid":{"rendered":"https:\/\/vivevirtual.es\/padel\/?page_id=32"},"modified":"2022-12-10T22:02:23","modified_gmt":"2022-12-10T21:02:23","slug":"terminos-y-condiciones","status":"publish","type":"page","link":"https:\/\/hostelaguilas.com\/en\/terms-and-conditions\/","title":{"rendered":"Terms and Conditions"},"content":{"rendered":"<div data-elementor-type=\"wp-page\" data-elementor-id=\"32\" class=\"elementor elementor-32\">\n\t\t\t\t\t\t<section class=\"elementor-section elementor-top-section elementor-element elementor-element-5fc9f8a8 elementor-section-boxed elementor-section-height-default elementor-section-height-default\" data-id=\"5fc9f8a8\" data-element_type=\"section\" data-e-type=\"section\">\n\t\t\t\t\t\t<div class=\"elementor-container elementor-column-gap-default\">\n\t\t\t\t\t<div class=\"elementor-column elementor-col-100 elementor-top-column elementor-element elementor-element-53d1ec96\" data-id=\"53d1ec96\" data-element_type=\"column\" data-e-type=\"column\">\n\t\t\t<div class=\"elementor-widget-wrap elementor-element-populated\">\n\t\t\t\t\t\t<div class=\"elementor-element elementor-element-a88c2c7 elementor-widget elementor-widget-text-editor\" data-id=\"a88c2c7\" data-element_type=\"widget\" data-e-type=\"widget\" data-widget_type=\"text-editor.default\">\n\t\t\t\t<div class=\"elementor-widget-container\">\n\t\t\t\t\t\t\t\t\t\n<h2>Terms and Conditions<\/h2>\n<ol>\n<li>Las reservas se confirmar\u00e1n siempre v\u00eda email o por whatsapp. Ninguna reserva ser\u00e1 v\u00e1lida hasta la confirmaci\u00f3n por una de estas dos v\u00edas.<\/li>\n<li>El pago de la reserva se realizar\u00e1 mediante transferencia bancaria al n\u00famero de cuenta que os facilitaremos al contactar con nosotros, Paypal o Tarjeta de Cr\u00e9dito a trav\u00e9s de nuestra web.<\/li>\n<li>Se precisar\u00e1 el env\u00edo v\u00eda e-mail de DNI, NIE o Pasaporte.<\/li>\n<li>En caso de cancelaci\u00f3n, el importe de la reserva se devolver\u00e1 siempre que se realice con 30 d\u00edas naturales o m\u00e1s de antelaci\u00f3n.<\/li>\n<li>No se realizar\u00e1 devoluci\u00f3n de dinero en caso de marcha voluntaria del hu\u00e9sped antes de terminar su estancia.<\/li>\n<li>Cualquier modificaci\u00f3n de la reserva estar\u00e1 sujeta a disponibilidad y a lo establecido previamente en estas normas.<\/li>\n<li>La capacidad m\u00e1xima es de 40 personas.<\/li>\n<li>Si alg\u00fan hu\u00e9sped causa alg\u00fan tipo de desperfecto en alg\u00fan elemento de las instalaciones, est\u00e1 comprometido\/a a abonar la reparaci\u00f3n o sustituci\u00f3n del mismo.<\/li>\n<li>Check in se realizar\u00e1 a partir las 12:00h -Check out ser\u00e1 antes de las 11:00h.<\/li>\n<li>The use of the wi-fi network is free of charge.<\/li>\n<\/ol>\n\t\t\t\t\t\t\t\t<\/div>\n\t\t\t\t<\/div>\n\t\t\t\t<div class=\"elementor-element elementor-element-7591295 elementor-widget elementor-widget-spacer\" data-id=\"7591295\" data-element_type=\"widget\" data-e-type=\"widget\" data-widget_type=\"spacer.default\">\n\t\t\t\t<div class=\"elementor-widget-container\">\n\t\t\t\t\t\t\t<div class=\"elementor-spacer\">\n\t\t\t<div class=\"elementor-spacer-inner\"><\/div>\n\t\t<\/div>\n\t\t\t\t\t\t<\/div>\n\t\t\t\t<\/div>\n\t\t\t\t\t<\/div>\n\t\t<\/div>\n\t\t\t\t\t<\/div>\n\t\t<\/section>\n\t\t\t\t<\/div>","protected":false},"excerpt":{"rendered":"T\u00e9rminos y Condiciones Las reservas se confirmar\u00e1n siempre v\u00eda email o por whatsapp. Ninguna reserva ser\u00e1 v\u00e1lida hasta la confirmaci\u00f3n por una de estas dos v\u00edas. El pago de la reserva se realizar\u00e1 mediante transferencia bancaria al n\u00famero de cuenta que os facilitaremos al contactar con nosotros, Paypal o Tarjeta de Cr\u00e9dito a trav\u00e9s de","protected":false},"author":1,"featured_media":0,"parent":0,"menu_order":0,"comment_status":"closed","ping_status":"closed","template":"","meta":{"footnotes":""},"class_list":["post-32","page","type-page","status-publish","hentry"],"yoast_head":"<!-- This site is optimized with the Yoast SEO Premium plugin v18.1 (Yoast SEO v26.2) - https:\/\/yoast.com\/wordpress\/plugins\/seo\/ -->\n<title>T\u00e9rminos y Condiciones<\/title>\n<meta name=\"description\" content=\"T\u00e9rminos y Condiciones\" \/>\n<meta name=\"robots\" content=\"noindex, nofollow\" \/>\n<meta property=\"og:locale\" content=\"en_US\" \/>\n<meta property=\"og:type\" content=\"article\" \/>\n<meta property=\"og:title\" content=\"T\u00e9rminos y Condiciones\" \/>\n<meta property=\"og:description\" content=\"T\u00e9rminos y Condiciones\" \/>\n<meta property=\"og:url\" content=\"https:\/\/hostelaguilas.com\/en\/terms-and-conditions\/\" \/>\n<meta property=\"og:site_name\" content=\"HOSTEL \u00c1guilas - ISLA DEL FRAILE - Resort - Alojamiento Grupos\" \/>\n<meta property=\"article:modified_time\" content=\"2022-12-10T21:02:23+00:00\" \/>\n<meta name=\"twitter:card\" content=\"summary_large_image\" \/>\n<meta name=\"twitter:label1\" content=\"Est. reading time\" \/>\n\t<meta name=\"twitter:data1\" content=\"1 minute\" \/>\n<script type=\"application\/ld+json\" class=\"yoast-schema-graph\">{\"@context\":\"https:\/\/schema.org\",\"@graph\":[{\"@type\":\"WebPage\",\"@id\":\"https:\/\/hostelaguilas.com\/terminos-y-condiciones\/\",\"url\":\"https:\/\/hostelaguilas.com\/terminos-y-condiciones\/\",\"name\":\"T\u00e9rminos y Condiciones\",\"isPartOf\":{\"@id\":\"https:\/\/hostelaguilas.com\/fr\/#website\"},\"datePublished\":\"2022-11-08T00:03:49+00:00\",\"dateModified\":\"2022-12-10T21:02:23+00:00\",\"description\":\"T\u00e9rminos y Condiciones\",\"breadcrumb\":{\"@id\":\"https:\/\/hostelaguilas.com\/terminos-y-condiciones\/#breadcrumb\"},\"inLanguage\":\"en-US\",\"potentialAction\":[{\"@type\":\"ReadAction\",\"target\":[\"https:\/\/hostelaguilas.com\/terminos-y-condiciones\/\"]}]},{\"@type\":\"BreadcrumbList\",\"@id\":\"https:\/\/hostelaguilas.com\/terminos-y-condiciones\/#breadcrumb\",\"itemListElement\":[{\"@type\":\"ListItem\",\"position\":1,\"name\":\"Portada\",\"item\":\"https:\/\/hostelaguilas.com\/\"},{\"@type\":\"ListItem\",\"position\":2,\"name\":\"T\u00e9rminos y Condiciones\"}]},{\"@type\":\"WebSite\",\"@id\":\"https:\/\/hostelaguilas.com\/fr\/#website\",\"url\":\"https:\/\/hostelaguilas.com\/fr\/\",\"name\":\"HOSTEL \u00c1guilas - ISLA DEL FRAILE - Resort - Alojamiento Grupos\",\"description\":\"Hostel \u00c1GUILAS - Habitaciones en Alquiler con un Servicio de un Hotel de 5 Estrellas\",\"publisher\":{\"@id\":\"https:\/\/hostelaguilas.com\/fr\/#organization\"},\"potentialAction\":[{\"@type\":\"SearchAction\",\"target\":{\"@type\":\"EntryPoint\",\"urlTemplate\":\"https:\/\/hostelaguilas.com\/fr\/?s={search_term_string}\"},\"query-input\":{\"@type\":\"PropertyValueSpecification\",\"valueRequired\":true,\"valueName\":\"search_term_string\"}}],\"inLanguage\":\"en-US\"},{\"@type\":\"Organization\",\"@id\":\"https:\/\/hostelaguilas.com\/fr\/#organization\",\"name\":\"HOSTEL \u00c1guilas - ISLA DEL FRAILE - Resort - Alojamiento Grupos\",\"url\":\"https:\/\/hostelaguilas.com\/fr\/\",\"logo\":{\"@type\":\"ImageObject\",\"inLanguage\":\"en-US\",\"@id\":\"https:\/\/hostelaguilas.com\/fr\/#\/schema\/logo\/image\/\",\"url\":\"https:\/\/hostelaguilas.com\/wp-content\/uploads\/2022\/11\/hostel-alargado-cabecera-web-.webp\",\"contentUrl\":\"https:\/\/hostelaguilas.com\/wp-content\/uploads\/2022\/11\/hostel-alargado-cabecera-web-.webp\",\"width\":350,\"height\":77,\"caption\":\"HOSTEL \u00c1guilas - ISLA DEL FRAILE - Resort - Alojamiento Grupos\"},\"image\":{\"@id\":\"https:\/\/hostelaguilas.com\/fr\/#\/schema\/logo\/image\/\"}}]}<\/script>\n<!-- \/ Yoast SEO Premium plugin. -->","yoast_head_json":{"title":"Terms and Conditions","description":"Terms and Conditions","robots":{"index":"noindex","follow":"nofollow"},"og_locale":"en_US","og_type":"article","og_title":"T\u00e9rminos y Condiciones","og_description":"T\u00e9rminos y Condiciones","og_url":"https:\/\/hostelaguilas.com\/en\/terms-and-conditions\/","og_site_name":"HOSTEL \u00c1guilas - ISLA DEL FRAILE - Resort - Alojamiento Grupos","article_modified_time":"2022-12-10T21:02:23+00:00","twitter_card":"summary_large_image","twitter_misc":{"Est. reading time":"1 minute"},"schema":{"@context":"https:\/\/schema.org","@graph":[{"@type":"WebPage","@id":"https:\/\/hostelaguilas.com\/terminos-y-condiciones\/","url":"https:\/\/hostelaguilas.com\/terminos-y-condiciones\/","name":"Terms and Conditions","isPartOf":{"@id":"https:\/\/hostelaguilas.com\/fr\/#website"},"datePublished":"2022-11-08T00:03:49+00:00","dateModified":"2022-12-10T21:02:23+00:00","description":"Terms and Conditions","breadcrumb":{"@id":"https:\/\/hostelaguilas.com\/terminos-y-condiciones\/#breadcrumb"},"inLanguage":"en-US","potentialAction":[{"@type":"ReadAction","target":["https:\/\/hostelaguilas.com\/terminos-y-condiciones\/"]}]},{"@type":"BreadcrumbList","@id":"https:\/\/hostelaguilas.com\/terminos-y-condiciones\/#breadcrumb","itemListElement":[{"@type":"ListItem","position":1,"name":"Portada","item":"https:\/\/hostelaguilas.com\/"},{"@type":"ListItem","position":2,"name":"T\u00e9rminos y Condiciones"}]},{"@type":"WebSite","@id":"https:\/\/hostelaguilas.com\/fr\/#website","url":"https:\/\/hostelaguilas.com\/fr\/","name":"HOSTEL \u00c1guilas - ISLA DEL FRAILE - Resort - Group Accommodations","description":"Hostel \u00c1GUILAS - Rooms for Rent with a 5 Star Hotel Service","publisher":{"@id":"https:\/\/hostelaguilas.com\/fr\/#organization"},"potentialAction":[{"@type":"SearchAction","target":{"@type":"EntryPoint","urlTemplate":"https:\/\/hostelaguilas.com\/fr\/?s={search_term_string}"},"query-input":{"@type":"PropertyValueSpecification","valueRequired":true,"valueName":"search_term_string"}}],"inLanguage":"en-US"},{"@type":"Organization","@id":"https:\/\/hostelaguilas.com\/fr\/#organization","name":"HOSTEL \u00c1guilas - ISLA DEL FRAILE - Resort - Group Accommodations","url":"https:\/\/hostelaguilas.com\/fr\/","logo":{"@type":"ImageObject","inLanguage":"en-US","@id":"https:\/\/hostelaguilas.com\/fr\/#\/schema\/logo\/image\/","url":"https:\/\/hostelaguilas.com\/wp-content\/uploads\/2022\/11\/hostel-alargado-cabecera-web-.webp","contentUrl":"https:\/\/hostelaguilas.com\/wp-content\/uploads\/2022\/11\/hostel-alargado-cabecera-web-.webp","width":350,"height":77,"caption":"HOSTEL \u00c1guilas - ISLA DEL FRAILE - Resort - Alojamiento Grupos"},"image":{"@id":"https:\/\/hostelaguilas.com\/fr\/#\/schema\/logo\/image\/"}}]}},"_links":{"self":[{"href":"https:\/\/hostelaguilas.com\/en\/wp-json\/wp\/v2\/pages\/32","targetHints":{"allow":["GET"]}}],"collection":[{"href":"https:\/\/hostelaguilas.com\/en\/wp-json\/wp\/v2\/pages"}],"about":[{"href":"https:\/\/hostelaguilas.com\/en\/wp-json\/wp\/v2\/types\/page"}],"author":[{"embeddable":true,"href":"https:\/\/hostelaguilas.com\/en\/wp-json\/wp\/v2\/users\/1"}],"replies":[{"embeddable":true,"href":"https:\/\/hostelaguilas.com\/en\/wp-json\/wp\/v2\/comments?post=32"}],"version-history":[{"count":0,"href":"https:\/\/hostelaguilas.com\/en\/wp-json\/wp\/v2\/pages\/32\/revisions"}],"wp:attachment":[{"href":"https:\/\/hostelaguilas.com\/en\/wp-json\/wp\/v2\/media?parent=32"}],"curies":[{"name":"wp","href":"https:\/\/api.w.org\/{rel}","templated":true}]}}